{"id":467,"date":"2024-09-10T11:46:50","date_gmt":"2024-09-10T09:46:50","guid":{"rendered":"http:\/\/ksiegujtanio.pl\/?page_id=467"},"modified":"2024-09-10T11:46:51","modified_gmt":"2024-09-10T09:46:51","slug":"zgloszenie-sygnalista","status":"publish","type":"page","link":"https:\/\/ksiegujtanio.pl\/?page_id=467","title":{"rendered":"Zg\u0142oszenie &#8211; Sygnalista"},"content":{"rendered":"\n<h2>Link do zg\u0142oszenia (sygnalista):<\/h2>\n\n\n\n<p><a href=\"https:\/\/panel.amlex.pl\/SygnFirmy\/SecurePage\/f2bb12b5a7244e479abde2b083bd4b97\">https:\/\/panel.amlex.pl\/SygnFirmy\/SecurePage\/f2bb12b5a7244e479abde2b083bd4b97<\/a><\/p>\n\n\n\n<h2>KOD QR<\/h2>\n\n\n\n<figure class=\"wp-block-image size-large\"><img loading=\"lazy\" width=\"1024\" height=\"1024\" src=\"http:\/\/ksiegujtanio.pl\/wp-content\/uploads\/2024\/09\/QR-1024x1024.png\" alt=\"\" class=\"wp-image-469\" srcset=\"https:\/\/ksiegujtanio.pl\/wp-content\/uploads\/2024\/09\/QR-1024x1024.png 1024w, https:\/\/ksiegujtanio.pl\/wp-content\/uploads\/2024\/09\/QR-300x300.png 300w, https:\/\/ksiegujtanio.pl\/wp-content\/uploads\/2024\/09\/QR-150x150.png 150w, https:\/\/ksiegujtanio.pl\/wp-content\/uploads\/2024\/09\/QR-768x768.png 768w, https:\/\/ksiegujtanio.pl\/wp-content\/uploads\/2024\/09\/QR-1536x1536.png 1536w, https:\/\/ksiegujtanio.pl\/wp-content\/uploads\/2024\/09\/QR-2048x2048.png 2048w\" sizes=\"(max-width: 1024px) 100vw, 1024px\" \/><\/figure>\n\n\n\n<p><\/p>\n\n\n\n<p><\/p>\n","protected":false},"excerpt":{"rendered":"<p>Link do zg\u0142oszenia (sygnalista): https:\/\/panel.amlex.pl\/SygnFirmy\/SecurePage\/f2bb12b5a7244e479abde2b083bd4b97 KOD QR<\/p>\n","protected":false},"author":1,"featured_media":0,"parent":0,"menu_order":0,"comment_status":"closed","ping_status":"closed","template":"","meta":{"_monsterinsights_skip_tracking":false,"_monsterinsights_sitenote_active":false,"_monsterinsights_sitenote_note":"","_monsterinsights_sitenote_category":0},"yoast_head":"<!-- This site is optimized with the Yoast SEO plugin v15.7 - https:\/\/yoast.com\/wordpress\/plugins\/seo\/ -->\n<title>Zg\u0142oszenie - Sygnalista - ITTAX24 - KsiegujTanio.pl<\/title>\n<meta name=\"description\" content=\"Biuro Rachunkowe - Profesjonalne, indywidualne podej\u015bcie, mi\u0142a atmosfera oraz niskie ceny. Ksi\u0119gi Rachunkowe, KPiR, Rycza\u0142t, PIT, CIT, VAT\" \/>\n<meta name=\"robots\" content=\"index, follow, max-snippet:-1, max-image-preview:large, max-video-preview:-1\" \/>\n<link rel=\"canonical\" href=\"https:\/\/ksiegujtanio.pl\/?page_id=467\" \/>\n<meta property=\"og:locale\" content=\"pl_PL\" \/>\n<meta property=\"og:type\" content=\"article\" \/>\n<meta property=\"og:title\" content=\"Zg\u0142oszenie - Sygnalista - ITTAX24 - KsiegujTanio.pl\" \/>\n<meta property=\"og:description\" content=\"Biuro Rachunkowe - Profesjonalne, indywidualne podej\u015bcie, mi\u0142a atmosfera oraz niskie ceny. Ksi\u0119gi Rachunkowe, KPiR, Rycza\u0142t, PIT, CIT, VAT\" \/>\n<meta property=\"og:url\" content=\"https:\/\/ksiegujtanio.pl\/?page_id=467\" \/>\n<meta property=\"og:site_name\" content=\"ITTAX24 - KsiegujTanio.pl\" \/>\n<meta property=\"article:publisher\" content=\"https:\/\/www.facebook.com\/ITTAX24\/\" \/>\n<meta property=\"article:modified_time\" content=\"2024-09-10T09:46:51+00:00\" \/>\n<meta property=\"og:image\" content=\"http:\/\/ksiegujtanio.pl\/wp-content\/uploads\/2024\/09\/QR-1024x1024.png\" \/>\n<meta name=\"twitter:card\" content=\"summary_large_image\" \/>\n<meta name=\"twitter:label1\" content=\"Est. reading time\">\n\t<meta name=\"twitter:data1\" content=\"1 minuta\">\n<script type=\"application\/ld+json\" class=\"yoast-schema-graph\">{\"@context\":\"https:\/\/schema.org\",\"@graph\":[{\"@type\":\"WebSite\",\"@id\":\"https:\/\/ksiegujtanio.pl\/#website\",\"url\":\"https:\/\/ksiegujtanio.pl\/\",\"name\":\"ITTAX24 - KsiegujTanio.pl\",\"description\":\"Biuro Rachunkowe\",\"potentialAction\":[{\"@type\":\"SearchAction\",\"target\":\"https:\/\/ksiegujtanio.pl\/?s={search_term_string}\",\"query-input\":\"required name=search_term_string\"}],\"inLanguage\":\"pl-PL\"},{\"@type\":\"ImageObject\",\"@id\":\"https:\/\/ksiegujtanio.pl\/?page_id=467#primaryimage\",\"inLanguage\":\"pl-PL\",\"url\":\"http:\/\/ksiegujtanio.pl\/wp-content\/uploads\/2024\/09\/QR-1024x1024.png\"},{\"@type\":\"WebPage\",\"@id\":\"https:\/\/ksiegujtanio.pl\/?page_id=467#webpage\",\"url\":\"https:\/\/ksiegujtanio.pl\/?page_id=467\",\"name\":\"Zg\\u0142oszenie - Sygnalista - ITTAX24 - KsiegujTanio.pl\",\"isPartOf\":{\"@id\":\"https:\/\/ksiegujtanio.pl\/#website\"},\"primaryImageOfPage\":{\"@id\":\"https:\/\/ksiegujtanio.pl\/?page_id=467#primaryimage\"},\"datePublished\":\"2024-09-10T09:46:50+00:00\",\"dateModified\":\"2024-09-10T09:46:51+00:00\",\"description\":\"Biuro Rachunkowe - Profesjonalne, indywidualne podej\\u015bcie, mi\\u0142a atmosfera oraz niskie ceny. Ksi\\u0119gi Rachunkowe, KPiR, Rycza\\u0142t, PIT, CIT, VAT\",\"inLanguage\":\"pl-PL\",\"potentialAction\":[{\"@type\":\"ReadAction\",\"target\":[\"https:\/\/ksiegujtanio.pl\/?page_id=467\"]}]}]}<\/script>\n<!-- \/ Yoast SEO plugin. -->","_links":{"self":[{"href":"https:\/\/ksiegujtanio.pl\/index.php?rest_route=\/wp\/v2\/pages\/467"}],"collection":[{"href":"https:\/\/ksiegujtanio.pl\/index.php?rest_route=\/wp\/v2\/pages"}],"about":[{"href":"https:\/\/ksiegujtanio.pl\/index.php?rest_route=\/wp\/v2\/types\/page"}],"author":[{"embeddable":true,"href":"https:\/\/ksiegujtanio.pl\/index.php?rest_route=\/wp\/v2\/users\/1"}],"replies":[{"embeddable":true,"href":"https:\/\/ksiegujtanio.pl\/index.php?rest_route=%2Fwp%2Fv2%2Fcomments&post=467"}],"version-history":[{"count":3,"href":"https:\/\/ksiegujtanio.pl\/index.php?rest_route=\/wp\/v2\/pages\/467\/revisions"}],"predecessor-version":[{"id":472,"href":"https:\/\/ksiegujtanio.pl\/index.php?rest_route=\/wp\/v2\/pages\/467\/revisions\/472"}],"wp:attachment":[{"href":"https:\/\/ksiegujtanio.pl\/index.php?rest_route=%2Fwp%2Fv2%2Fmedia&parent=467"}],"curies":[{"name":"wp","href":"https:\/\/api.w.org\/{rel}","templated":true}]}}