{"id":13,"date":"2018-01-24T21:41:01","date_gmt":"2018-01-24T20:41:01","guid":{"rendered":"http:\/\/localhost\/wordpress\/?page_id=2"},"modified":"2020-01-05T18:59:58","modified_gmt":"2020-01-05T17:59:58","slug":"przykladowa-strona","status":"publish","type":"page","link":"https:\/\/ksiegujtanio.pl\/?page_id=13","title":{"rendered":"Oferta"},"content":{"rendered":"\n<div class=\"wp-container-1 wp-block-group\"><div class=\"wp-block-group__inner-container\">\n<p style=\"text-align: center;\">Nasza oferta skierowana jest do firm z sektora ma\u0142ych i \u015brednich przedsi\u0119biorstw.<\/p>\n<p style=\"text-align: center;\">\u015awiadczymy us\u0142ugi za zakresu prowadzenia ksi\u0105g rachunkowych (sp\u00f3\u0142ki z o.o.) oraz uproszczonych form ksi\u0119gowo\u015bci tj. podatkowa ksi\u0105\u017cka przychod\u00f3w i rozchod\u00f3w (KPIR), przychod\u00f3w ewidencjonowanych (rycza\u0142t) oraz karty podatkowej.<\/p>\n<p style=\"text-align: center;\">W zakresie naszych us\u0142ug znajduje si\u0119 tak\u017ce obs\u0142uga kadrowo-p\u0142acowa pracownik\u00f3w.<\/p>\n<p style=\"text-align: center;\">Je\u017celi jeste\u015b osob\u0105 fizyczn\u0105 nieprowadz\u0105c\u0105 dzia\u0142alno\u015bci to w naszym biurze mo\u017cesz skorzysta\u0107 z us\u0142ug w zakresie rozliczenia najmu prywatnego oraz PIT-\u00f3w rocznych.<\/p>\n<p style=\"text-align: center;\">Pami\u0119taj, je\u015bli nie masz czasu lub mo\u017cliwo\u015bci na spotkanie z biurem rachunkowym\/ksi\u0119gow\u0105 w czasie swojej pracy to nasza oferta jest w\u0142a\u015bnie dla Ciebie.<\/p>\n<p style=\"text-align: center;\">Spotkasz i skontaktujesz si\u0119 z nami r\u00f3wnie\u017c w godzinach popo\u0142udniowych i wieczornych oraz w weekend. Na pewno opcja warta rozwa\u017cenia zw\u0142aszcza dla os\u00f3b wsp\u00f3\u0142pracuj\u0105cych w formacie B2B.<\/p>\n<p style=\"text-align: center;\">Du\u017c\u0105 cz\u0119\u015b\u0107 spraw mo\u017cesz z nami za\u0142atwi\u0107 poprze e-mail (w tym r\u00f3wnie\u017c wysy\u0142ka dokument\u00f3w) oraz telefonicznie (tak\u017ce SMS).<\/p>\n<p style=\"text-align: center;\">Staramy si\u0119 podchodzi\u0107 do naszych klient\u00f3w w jak najbardziej indywidualny spos\u00f3b i dostosowa\u0107 model wsp\u00f3\u0142pracy kt\u00f3ry b\u0119dzie najbardziej komfortowy dla obu stron.<\/p>\n<p style=\"text-align: center;\">Istnieje r\u00f3wnie\u017c mo\u017cliwo\u015b\u0107 dojazdu do klienta (do ustalenia indywidualnego).<\/p>\n<p style=\"text-align: center;\">\u00a0<\/p>\n<p style=\"text-align: center;\">Ceny na us\u0142ug\u0119 ksi\u0119gow\u0105 dla firm zaczynaj\u0105 si\u0119 ju\u017c od 70 z\u0142 netto.<\/p>\n<\/div><\/div>\n","protected":false},"excerpt":{"rendered":"<p>Nasza oferta skierowana jest do firm z sektora ma\u0142ych i \u015brednich przedsi\u0119biorstw. \u015awiadczymy us\u0142ugi za zakresu prowadzenia ksi\u0105g rachunkowych (sp\u00f3\u0142ki z o.o.) oraz uproszczonych form ksi\u0119gowo\u015bci tj. podatkowa ksi\u0105\u017cka przychod\u00f3w i rozchod\u00f3w (KPIR), przychod\u00f3w ewidencjonowanych (rycza\u0142t) oraz karty podatkowej. W zakresie naszych us\u0142ug znajduje si\u0119 tak\u017ce obs\u0142uga kadrowo-p\u0142acowa pracownik\u00f3w. Je\u017celi jeste\u015b osob\u0105 fizyczn\u0105 nieprowadz\u0105c\u0105 dzia\u0142alno\u015bci [&hellip;]<\/p>\n","protected":false},"author":2,"featured_media":0,"parent":0,"menu_order":0,"comment_status":"closed","ping_status":"open","template":"","meta":{"_monsterinsights_skip_tracking":false,"_monsterinsights_sitenote_active":false,"_monsterinsights_sitenote_note":"","_monsterinsights_sitenote_category":0},"yoast_head":"<!-- This site is optimized with the Yoast SEO plugin v15.7 - https:\/\/yoast.com\/wordpress\/plugins\/seo\/ -->\n<title>Oferta - ITTAX24 - KsiegujTanio.pl<\/title>\n<meta name=\"description\" content=\"Biuro Rachunkowe - Profesjonalne, indywidualne podej\u015bcie, mi\u0142a atmosfera oraz niskie ceny. Ksi\u0119gi Rachunkowe, KPiR, Rycza\u0142t, PIT, CIT, VAT\" \/>\n<meta name=\"robots\" content=\"index, follow, max-snippet:-1, max-image-preview:large, max-video-preview:-1\" \/>\n<link rel=\"canonical\" href=\"https:\/\/ksiegujtanio.pl\/?page_id=13\" \/>\n<meta property=\"og:locale\" content=\"pl_PL\" \/>\n<meta property=\"og:type\" content=\"article\" \/>\n<meta property=\"og:title\" content=\"Oferta - ITTAX24 - KsiegujTanio.pl\" \/>\n<meta property=\"og:description\" content=\"Biuro Rachunkowe - Profesjonalne, indywidualne podej\u015bcie, mi\u0142a atmosfera oraz niskie ceny. Ksi\u0119gi Rachunkowe, KPiR, Rycza\u0142t, PIT, CIT, VAT\" \/>\n<meta property=\"og:url\" content=\"https:\/\/ksiegujtanio.pl\/?page_id=13\" \/>\n<meta property=\"og:site_name\" content=\"ITTAX24 - KsiegujTanio.pl\" \/>\n<meta property=\"article:publisher\" content=\"https:\/\/www.facebook.com\/ITTAX24\/\" \/>\n<meta property=\"article:modified_time\" content=\"2020-01-05T17:59:58+00:00\" \/>\n<meta name=\"twitter:card\" content=\"summary_large_image\" \/>\n<meta name=\"twitter:label1\" content=\"Est. reading time\">\n\t<meta name=\"twitter:data1\" content=\"1 minuta\">\n<script type=\"application\/ld+json\" class=\"yoast-schema-graph\">{\"@context\":\"https:\/\/schema.org\",\"@graph\":[{\"@type\":\"WebSite\",\"@id\":\"https:\/\/ksiegujtanio.pl\/#website\",\"url\":\"https:\/\/ksiegujtanio.pl\/\",\"name\":\"ITTAX24 - KsiegujTanio.pl\",\"description\":\"Biuro Rachunkowe\",\"potentialAction\":[{\"@type\":\"SearchAction\",\"target\":\"https:\/\/ksiegujtanio.pl\/?s={search_term_string}\",\"query-input\":\"required name=search_term_string\"}],\"inLanguage\":\"pl-PL\"},{\"@type\":\"WebPage\",\"@id\":\"https:\/\/ksiegujtanio.pl\/?page_id=13#webpage\",\"url\":\"https:\/\/ksiegujtanio.pl\/?page_id=13\",\"name\":\"Oferta - ITTAX24 - KsiegujTanio.pl\",\"isPartOf\":{\"@id\":\"https:\/\/ksiegujtanio.pl\/#website\"},\"datePublished\":\"2018-01-24T20:41:01+00:00\",\"dateModified\":\"2020-01-05T17:59:58+00:00\",\"description\":\"Biuro Rachunkowe - Profesjonalne, indywidualne podej\\u015bcie, mi\\u0142a atmosfera oraz niskie ceny. Ksi\\u0119gi Rachunkowe, KPiR, Rycza\\u0142t, PIT, CIT, VAT\",\"inLanguage\":\"pl-PL\",\"potentialAction\":[{\"@type\":\"ReadAction\",\"target\":[\"https:\/\/ksiegujtanio.pl\/?page_id=13\"]}]}]}<\/script>\n<!-- \/ Yoast SEO plugin. -->","_links":{"self":[{"href":"https:\/\/ksiegujtanio.pl\/index.php?rest_route=\/wp\/v2\/pages\/13"}],"collection":[{"href":"https:\/\/ksiegujtanio.pl\/index.php?rest_route=\/wp\/v2\/pages"}],"about":[{"href":"https:\/\/ksiegujtanio.pl\/index.php?rest_route=\/wp\/v2\/types\/page"}],"author":[{"embeddable":true,"href":"https:\/\/ksiegujtanio.pl\/index.php?rest_route=\/wp\/v2\/users\/2"}],"replies":[{"embeddable":true,"href":"https:\/\/ksiegujtanio.pl\/index.php?rest_route=%2Fwp%2Fv2%2Fcomments&post=13"}],"version-history":[{"count":11,"href":"https:\/\/ksiegujtanio.pl\/index.php?rest_route=\/wp\/v2\/pages\/13\/revisions"}],"predecessor-version":[{"id":246,"href":"https:\/\/ksiegujtanio.pl\/index.php?rest_route=\/wp\/v2\/pages\/13\/revisions\/246"}],"wp:attachment":[{"href":"https:\/\/ksiegujtanio.pl\/index.php?rest_route=%2Fwp%2Fv2%2Fmedia&parent=13"}],"curies":[{"name":"wp","href":"https:\/\/api.w.org\/{rel}","templated":true}]}}